{"id":1232,"date":"2020-08-06T01:03:33","date_gmt":"2020-08-06T04:03:33","guid":{"rendered":"http:\/\/170.210.81.163\/auzaweb\/?page_id=1232"},"modified":"2025-12-23T12:49:12","modified_gmt":"2025-12-23T15:49:12","slug":"historia","status":"publish","type":"page","link":"https:\/\/creuzaweb.uncoma.edu.ar\/index.php\/historia\/","title":{"rendered":"Institucional"},"content":{"rendered":"\t\t<div data-elementor-type=\"wp-page\" data-elementor-id=\"1232\" class=\"elementor elementor-1232\" data-elementor-post-type=\"page\">\n\t\t\t\t<div class=\"elementor-element elementor-element-08744b8 e-flex e-con-boxed e-con e-parent\" data-id=\"08744b8\" data-element_type=\"container\" data-e-type=\"container\">\n\t\t\t\t\t<div class=\"e-con-inner\">\n\t\t<div class=\"elementor-element elementor-element-8f650cd e-con-full e-flex e-con e-child\" data-id=\"8f650cd\" data-element_type=\"container\" data-e-type=\"container\">\n\t\t\t\t<div class=\"elementor-element elementor-element-eb16f4d elementor-widget elementor-widget-image\" data-id=\"eb16f4d\" data-element_type=\"widget\" data-e-type=\"widget\" data-widget_type=\"image.default\">\n\t\t\t\t\t\t\t\t\t\t\t\t\t\t\t<img fetchpriority=\"high\" decoding=\"async\" width=\"225\" height=\"225\" src=\"https:\/\/creuzaweb.uncoma.edu.ar\/wp-content\/uploads\/2025\/11\/logo-creuza-individual-1.png\" class=\"attachment-full size-full wp-image-5184\" alt=\"\" srcset=\"https:\/\/creuzaweb.uncoma.edu.ar\/wp-content\/uploads\/2025\/11\/logo-creuza-individual-1.png 225w, https:\/\/creuzaweb.uncoma.edu.ar\/wp-content\/uploads\/2025\/11\/logo-creuza-individual-1-150x150.png 150w\" sizes=\"(max-width: 225px) 100vw, 225px\" \/>\t\t\t\t\t\t\t\t\t\t\t\t\t\t\t<\/div>\n\t\t\t\t<div class=\"elementor-element elementor-element-a4394f8 elementor-widget elementor-widget-heading\" data-id=\"a4394f8\" data-element_type=\"widget\" data-e-type=\"widget\" data-widget_type=\"heading.default\">\n\t\t\t\t\t<h1 class=\"elementor-heading-title elementor-size-default\">Historia y Presente<\/h1>\t\t\t\t<\/div>\n\t\t\t\t<div class=\"elementor-element elementor-element-dd3db92 elementor-widget elementor-widget-spacer\" data-id=\"dd3db92\" data-element_type=\"widget\" data-e-type=\"widget\" data-widget_type=\"spacer.default\">\n\t\t\t\t\t\t\t<div class=\"elementor-spacer\">\n\t\t\t<div class=\"elementor-spacer-inner\"><\/div>\n\t\t<\/div>\n\t\t\t\t\t\t<\/div>\n\t\t\t\t<div class=\"elementor-element elementor-element-f6a7191 elementor-widget elementor-widget-text-editor\" data-id=\"f6a7191\" data-element_type=\"widget\" data-e-type=\"widget\" data-widget_type=\"text-editor.default\">\n\t\t\t\t\t\t\t\t\t<p>El 12 de julio de 1975, la Universidad Nacional del Comahue, a trav\u00e9s de un Centro Universitario Regional creado por Ordenanza N\u00ba 662\/75, comenz\u00f3 la actividad acad\u00e9mica en la ciudad de Zapala, provincia de Neuqu\u00e9n.<\/p><p>En el mes de mayo de ese mismo a\u00f1o, comenzaron las reuniones entre la Universidad y la Comisi\u00f3n Promotora y de Estudio, presidida por el Intendente Municipal Amado Sapag. Se acord\u00f3 en esa oportunidad la creaci\u00f3n de una carrera orientada al \u00c1rea de la Miner\u00eda, dado que la ciudad de Zapala es el centro minero de excelencia de la provincia de Neuqu\u00e9n, y en ella estaban radicadas distintas empresas e instituciones oficiales vinculadas a la actividad, tales como la Direcci\u00f3n General de Miner\u00eda, la Corporaci\u00f3n Minera de Neuqu\u00e9n (CORMINE), y el Comit\u00e9 de Promoci\u00f3n Minera del Neuqu\u00e9n, dependiente de la Secretar\u00eda de Miner\u00eda de la Naci\u00f3n.<\/p><p>Durante el a\u00f1o 1978, esta Unidad Acad\u00e9mica paso a depender de la Facultad de Ingenier\u00eda de la Universidad. Se deroga la Ordenanza N\u00ba 106\/78, para dejar sin efecto la denominaci\u00f3n de Centros Universitarios Regionales atribuida desde 1975 a las unidades acad\u00e9micas localizadas en las ciudades de San Mart\u00edn de los Andes, Zapala, Villa Regina, Cutral \u2013C\u00f3, Plaza Huincul y General Roca.<\/p><p>En el caso de Zapala, paso a ser un Asentamiento dependiente de la Facultad antes mencionada, la que otorgo el t\u00edtulo a los primeros egresados de la Carrera de T\u00e9cnico Superior en Minas, en 1980.<\/p>\t\t\t\t\t\t\t\t<\/div>\n\t\t\t\t<div class=\"elementor-element elementor-element-4bee52c elementor-widget elementor-widget-text-editor\" data-id=\"4bee52c\" data-element_type=\"widget\" data-e-type=\"widget\" data-widget_type=\"text-editor.default\">\n\t\t\t\t\t\t\t\t\t<p>* Texto extra\u00eddo del libro\u00a0<em><strong>\u201c Universidad Nacional del Comahue 1972 -1997. Una historia de 25 a\u00f1os\u201d<\/strong><\/em>. Edit. Educo<\/p>\t\t\t\t\t\t\t\t<\/div>\n\t\t\t\t<\/div>\n\t\t\t\t\t<\/div>\n\t\t\t\t<\/div>\n\t\t\t\t<\/div>\n\t\t","protected":false},"excerpt":{"rendered":"<p>Historia y Presente El 12 de julio de 1975, la Universidad Nacional del Comahue, a trav\u00e9s de un Centro Universitario Regional creado por Ordenanza N\u00ba 662\/75, comenz\u00f3 la actividad acad\u00e9mica en la ciudad de Zapala, provincia de Neuqu\u00e9n. En el mes de mayo de ese mismo a\u00f1o, comenzaron las reuniones entre la Universidad y la [&hellip;]<\/p>\n","protected":false},"author":1,"featured_media":5215,"parent":0,"menu_order":0,"comment_status":"closed","ping_status":"closed","template":"","meta":{"footnotes":""},"class_list":["post-1232","page","type-page","status-publish","has-post-thumbnail","hentry"],"_links":{"self":[{"href":"https:\/\/creuzaweb.uncoma.edu.ar\/index.php\/wp-json\/wp\/v2\/pages\/1232","targetHints":{"allow":["GET"]}}],"collection":[{"href":"https:\/\/creuzaweb.uncoma.edu.ar\/index.php\/wp-json\/wp\/v2\/pages"}],"about":[{"href":"https:\/\/creuzaweb.uncoma.edu.ar\/index.php\/wp-json\/wp\/v2\/types\/page"}],"author":[{"embeddable":true,"href":"https:\/\/creuzaweb.uncoma.edu.ar\/index.php\/wp-json\/wp\/v2\/users\/1"}],"replies":[{"embeddable":true,"href":"https:\/\/creuzaweb.uncoma.edu.ar\/index.php\/wp-json\/wp\/v2\/comments?post=1232"}],"version-history":[{"count":18,"href":"https:\/\/creuzaweb.uncoma.edu.ar\/index.php\/wp-json\/wp\/v2\/pages\/1232\/revisions"}],"predecessor-version":[{"id":6060,"href":"https:\/\/creuzaweb.uncoma.edu.ar\/index.php\/wp-json\/wp\/v2\/pages\/1232\/revisions\/6060"}],"wp:featuredmedia":[{"embeddable":true,"href":"https:\/\/creuzaweb.uncoma.edu.ar\/index.php\/wp-json\/wp\/v2\/media\/5215"}],"wp:attachment":[{"href":"https:\/\/creuzaweb.uncoma.edu.ar\/index.php\/wp-json\/wp\/v2\/media?parent=1232"}],"curies":[{"name":"wp","href":"https:\/\/api.w.org\/{rel}","templated":true}]}}