{"id":4625,"date":"2024-11-12T14:16:25","date_gmt":"2024-11-12T17:16:25","guid":{"rendered":"https:\/\/auzaweb.uncoma.edu.ar\/?page_id=4625"},"modified":"2025-12-22T15:19:12","modified_gmt":"2025-12-22T18:19:12","slug":"ingenieria-en-agrimensura","status":"publish","type":"page","link":"https:\/\/creuzaweb.uncoma.edu.ar\/index.php\/ingenieria-en-agrimensura\/","title":{"rendered":"Ingenier\u00eda en Agrimensura"},"content":{"rendered":"\t\t<div data-elementor-type=\"wp-post\" data-elementor-id=\"4625\" class=\"elementor elementor-4625\" data-elementor-post-type=\"page\">\n\t\t\t\t<div class=\"elementor-element elementor-element-d28c1e0 e-flex e-con-boxed e-con e-parent\" data-id=\"d28c1e0\" data-element_type=\"container\" data-e-type=\"container\">\n\t\t\t\t\t<div class=\"e-con-inner\">\n\t\t<div class=\"elementor-element elementor-element-47ef2f1 e-con-full e-flex e-con e-child\" data-id=\"47ef2f1\" data-element_type=\"container\" data-e-type=\"container\">\n\t\t\t\t<div class=\"elementor-element elementor-element-485ee5b elementor-widget elementor-widget-heading\" data-id=\"485ee5b\" data-element_type=\"widget\" data-e-type=\"widget\" data-widget_type=\"heading.default\">\n\t\t\t\t\t<h3 class=\"elementor-heading-title elementor-size-default\">Ingenier\u00eda en Agrimensura<\/h3>\t\t\t\t<\/div>\n\t\t\t\t<div class=\"elementor-element elementor-element-b8c562f elementor-widget-divider--view-line elementor-widget elementor-widget-divider\" data-id=\"b8c562f\" data-element_type=\"widget\" data-e-type=\"widget\" data-widget_type=\"divider.default\">\n\t\t\t\t\t\t\t<div class=\"elementor-divider\">\n\t\t\t<span class=\"elementor-divider-separator\">\n\t\t\t\t\t\t<\/span>\n\t\t<\/div>\n\t\t\t\t\t\t<\/div>\n\t\t\t\t<div class=\"elementor-element elementor-element-9da92f6 elementor-widget elementor-widget-heading\" data-id=\"9da92f6\" data-element_type=\"widget\" data-e-type=\"widget\" data-widget_type=\"heading.default\">\n\t\t\t\t\t<h4 class=\"elementor-heading-title elementor-size-default\">T\u00edtulo: Ingeniero\/a Agrimensor\/a<\/h4>\t\t\t\t<\/div>\n\t\t\t\t<div class=\"elementor-element elementor-element-9d1c3d7 elementor-widget elementor-widget-heading\" data-id=\"9d1c3d7\" data-element_type=\"widget\" data-e-type=\"widget\" data-widget_type=\"heading.default\">\n\t\t\t\t\t<h4 class=\"elementor-heading-title elementor-size-default\">T\u00edtulo Intermedio: Top\u00f3grafo\/a Universitario\/a<\/h4>\t\t\t\t<\/div>\n\t\t\t\t<div class=\"elementor-element elementor-element-daed4d3 elementor-widget elementor-widget-icon-box\" data-id=\"daed4d3\" data-element_type=\"widget\" data-e-type=\"widget\" data-widget_type=\"icon-box.default\">\n\t\t\t\t\t\t\t<div class=\"elementor-icon-box-wrapper\">\n\n\t\t\t\n\t\t\t\t\t\t<div class=\"elementor-icon-box-content\">\n\n\t\t\t\t\t\t\t\t\t<h4 class=\"elementor-icon-box-title\">\n\t\t\t\t\t\t<span  >\n\t\t\t\t\t\t\tDuraci\u00f3n: 5 a\u00f1os\t\t\t\t\t\t<\/span>\n\t\t\t\t\t<\/h4>\n\t\t\t\t\n\t\t\t\t\n\t\t\t<\/div>\n\t\t\t\n\t\t<\/div>\n\t\t\t\t\t\t<\/div>\n\t\t\t\t<div class=\"elementor-element elementor-element-3097306 elementor-widget elementor-widget-icon-box\" data-id=\"3097306\" data-element_type=\"widget\" data-e-type=\"widget\" data-widget_type=\"icon-box.default\">\n\t\t\t\t\t\t\t<div class=\"elementor-icon-box-wrapper\">\n\n\t\t\t\n\t\t\t\t\t\t<div class=\"elementor-icon-box-content\">\n\n\t\t\t\t\t\t\t\t\t<h4 class=\"elementor-icon-box-title\">\n\t\t\t\t\t\t<span  >\n\t\t\t\t\t\t\tDescripci\u00f3n\t\t\t\t\t\t<\/span>\n\t\t\t\t\t<\/h4>\n\t\t\t\t\n\t\t\t\t\t\t\t\t\t<p class=\"elementor-icon-box-description\">\n\t\t\t\t\t\tLa carrera de Ingenier\u00eda en Agrimensura de la Universidad Nacional del Comahue tiene como objetivo formar profesionales capaces de realizar la medici\u00f3n, representaci\u00f3n y an\u00e1lisis del espacio territorial con precisi\u00f3n. Los egresados obtienen una s\u00f3lida base en ciencias y tecnolog\u00edas aplicadas, prepar\u00e1ndolos para trabajar en \u00e1reas como topograf\u00eda, catastro, geodesia, y ordenamiento territorial. \n\n<br> <br>La carrera cuenta con un t\u00edtulo intermedio de Top\u00f3grafo\/a Universitario\/a, lo cual ofrece una r\u00e1pida inserci\u00f3n laboral en sectores como la construcci\u00f3n, miner\u00eda y planificaci\u00f3n urbana, adem\u00e1s de la opci\u00f3n de continuar hasta obtener el t\u00edtulo de Ingeniero\/a Agrimensor\/a\t\t\t\t\t<\/p>\n\t\t\t\t\n\t\t\t<\/div>\n\t\t\t\n\t\t<\/div>\n\t\t\t\t\t\t<\/div>\n\t\t\t\t<div class=\"elementor-element elementor-element-928ac5c elementor-widget elementor-widget-icon-box\" data-id=\"928ac5c\" data-element_type=\"widget\" data-e-type=\"widget\" data-widget_type=\"icon-box.default\">\n\t\t\t\t\t\t\t<div class=\"elementor-icon-box-wrapper\">\n\n\t\t\t\n\t\t\t\t\t\t<div class=\"elementor-icon-box-content\">\n\n\t\t\t\t\t\t\t\t\t<h4 class=\"elementor-icon-box-title\">\n\t\t\t\t\t\t<span  >\n\t\t\t\t\t\t\t\u00bfQu\u00e9 se estudia?\t\t\t\t\t\t<\/span>\n\t\t\t\t\t<\/h4>\n\t\t\t\t\n\t\t\t\t\n\t\t\t<\/div>\n\t\t\t\n\t\t<\/div>\n\t\t\t\t\t\t<\/div>\n\t\t\t\t<div class=\"elementor-element elementor-element-aaae229 elementor-widget elementor-widget-text-editor\" data-id=\"aaae229\" data-element_type=\"widget\" data-e-type=\"widget\" data-widget_type=\"text-editor.default\">\n\t\t\t\t\t\t\t\t\t<div class=\"elementor-element elementor-element-846f78d elementor-widget elementor-widget-heading\" data-id=\"846f78d\" data-element_type=\"widget\" data-widget_type=\"heading.default\"><div class=\"elementor-widget-container\"><h4 class=\"elementor-heading-title elementor-size-default\">Materias<\/h4><\/div><\/div><div class=\"elementor-element elementor-element-e7253d9 elementor-widget elementor-widget-text-editor\" data-id=\"e7253d9\" data-element_type=\"widget\" data-widget_type=\"text-editor.default\"><div class=\"elementor-widget-container\"><p><strong>Primer A\u00f1o<\/strong><br \/>Introducci\u00f3n a la Ingenier\u00eda<br \/>Ciencia, Tecnolog\u00eda y Sociedad<br \/>Inform\u00e1tica I<br \/>Introducci\u00f3n a la F\u00edsica<br \/>Taller de Metodolog\u00eda, Pr\u00e1ctica y Laboratorio<br \/>Geograf\u00eda F\u00edsica y Geomorfolog\u00eda<br \/>\u00c1lgebra I<br \/>F\u00edsica I<br \/>Introducci\u00f3n a la Topograf\u00eda<br \/>An\u00e1lisis Matem\u00e1tico I<br \/>Inform\u00e1tica II<\/p><p><strong>Segundo A\u00f1o<\/strong><br \/>F\u00edsica II<br \/>Probabilidad y Estad\u00edstica<br \/>An\u00e1lisis Matem\u00e1tico II<br \/>Sistemas de Representaci\u00f3n<br \/>Trigonometr\u00eda Plana y Esf\u00e9rica<br \/>Topograf\u00eda I<br \/>Teor\u00eda de Errores y Compensaci\u00f3n<br \/>F\u00edsica III<br \/>\u00c1lgebra II<\/p><p><strong>Tercer A\u00f1o<\/strong><br \/>Topograf\u00eda II<br \/>Dibujo Topogr\u00e1fico y Cartogr\u00e1fico<br \/>Conocimiento de Edificios<br \/>Informaci\u00f3n Rural y Agrolog\u00eda<br \/>Pr\u00e1cticas Medioambientales<br \/>Ingl\u00e9s<br \/>Topograf\u00eda Aplicada<br \/>Fotogrametr\u00eda y Fotointerpretaci\u00f3n<br \/>Estudio y Trazado de Obras Civiles<\/p><p><strong>Cuarto A\u00f1o<\/strong><br \/>Seminario de Derecho<br \/>Geodesia I<br \/>Econom\u00eda<br \/>Formulaci\u00f3n, Evaluaci\u00f3n y Presentaci\u00f3n de Proyectos<br \/>Agrimensura Legal I<br \/>Seguridad e Higiene<br \/>Agrimensura Legal II<br \/>Geodesia II<br \/>Valuaciones<br \/>Sistemas de Informaci\u00f3n Territorial<br \/>Actividades Curriculares Optativas I<\/p><p><strong>Quinto A\u00f1o<\/strong><br \/>Mediciones, Estudios y Trazados Especiales<br \/>Mensura<br \/>Catastro I<br \/>Ordenamiento Territorial, Planeamiento y Urbanismo<br \/>Organizaci\u00f3n Industrial<br \/>Proyecto Mensura<br \/>Catastro Territorial<br \/>Actividades Curriculares Optativas II<\/p><\/div><\/div>\t\t\t\t\t\t\t\t<\/div>\n\t\t\t\t<div class=\"elementor-element elementor-element-494c428 elementor-widget elementor-widget-button\" data-id=\"494c428\" data-element_type=\"widget\" data-e-type=\"widget\" data-widget_type=\"button.default\">\n\t\t\t\t\t\t\t\t\t\t<a class=\"elementor-button elementor-button-link elementor-size-sm\" href=\"https:\/\/creuzaweb.uncoma.edu.ar\/wp-content\/uploads\/2024\/11\/ord_51_2022_55.pdf\" target=\"_blank\">\n\t\t\t\t\t\t<span class=\"elementor-button-content-wrapper\">\n\t\t\t\t\t\t\t\t\t<span class=\"elementor-button-text\">Plan de Estudios- Descarga<\/span>\n\t\t\t\t\t<\/span>\n\t\t\t\t\t<\/a>\n\t\t\t\t\t\t\t\t<\/div>\n\t\t\t\t<\/div>\n\t\t\t\t\t<\/div>\n\t\t\t\t<\/div>\n\t\t\t\t<section class=\"elementor-section elementor-top-section elementor-element elementor-element-3a189be elementor-section-boxed elementor-section-height-default elementor-section-height-default\" data-id=\"3a189be\" data-element_type=\"section\" data-e-type=\"section\">\n\t\t\t\t\t\t<div class=\"elementor-container elementor-column-gap-default\">\n\t\t\t\t\t<div class=\"elementor-column elementor-col-100 elementor-top-column elementor-element elementor-element-d1ab693\" data-id=\"d1ab693\" data-element_type=\"column\" data-e-type=\"column\">\n\t\t\t<div class=\"elementor-widget-wrap elementor-element-populated\">\n\t\t\t\t\t\t<div class=\"elementor-element elementor-element-6ff419f elementor-widget elementor-widget-spacer\" data-id=\"6ff419f\" data-element_type=\"widget\" data-e-type=\"widget\" data-widget_type=\"spacer.default\">\n\t\t\t\t\t\t\t<div class=\"elementor-spacer\">\n\t\t\t<div class=\"elementor-spacer-inner\"><\/div>\n\t\t<\/div>\n\t\t\t\t\t\t<\/div>\n\t\t\t\t\t<\/div>\n\t\t<\/div>\n\t\t\t\t\t<\/div>\n\t\t<\/section>\n\t\t\t\t<\/div>\n\t\t","protected":false},"excerpt":{"rendered":"<p>T\u00edtulo: Ingeniero\/a Agrimensor\/a T\u00edtulo Intermedio: Top\u00f3grafo\/a Universitario\/a Duraci\u00f3n: 5 a\u00f1os Descripci\u00f3n La carrera de Ingenier\u00eda en Agrimensura de la Universidad Nacional del Comahue tiene como objetivo formar profesionales capaces de realizar la medici\u00f3n, representaci\u00f3n y an\u00e1lisis del espacio territorial con precisi\u00f3n. Los egresados obtienen una s\u00f3lida base en ciencias y tecnolog\u00edas aplicadas, prepar\u00e1ndolos para trabajar [&hellip;]<\/p>\n","protected":false},"author":1,"featured_media":4570,"parent":0,"menu_order":0,"comment_status":"open","ping_status":"open","template":"","meta":{"footnotes":""},"class_list":["post-4625","page","type-page","status-publish","has-post-thumbnail","hentry"],"_links":{"self":[{"href":"https:\/\/creuzaweb.uncoma.edu.ar\/index.php\/wp-json\/wp\/v2\/pages\/4625","targetHints":{"allow":["GET"]}}],"collection":[{"href":"https:\/\/creuzaweb.uncoma.edu.ar\/index.php\/wp-json\/wp\/v2\/pages"}],"about":[{"href":"https:\/\/creuzaweb.uncoma.edu.ar\/index.php\/wp-json\/wp\/v2\/types\/page"}],"author":[{"embeddable":true,"href":"https:\/\/creuzaweb.uncoma.edu.ar\/index.php\/wp-json\/wp\/v2\/users\/1"}],"replies":[{"embeddable":true,"href":"https:\/\/creuzaweb.uncoma.edu.ar\/index.php\/wp-json\/wp\/v2\/comments?post=4625"}],"version-history":[{"count":3,"href":"https:\/\/creuzaweb.uncoma.edu.ar\/index.php\/wp-json\/wp\/v2\/pages\/4625\/revisions"}],"predecessor-version":[{"id":6002,"href":"https:\/\/creuzaweb.uncoma.edu.ar\/index.php\/wp-json\/wp\/v2\/pages\/4625\/revisions\/6002"}],"wp:featuredmedia":[{"embeddable":true,"href":"https:\/\/creuzaweb.uncoma.edu.ar\/index.php\/wp-json\/wp\/v2\/media\/4570"}],"wp:attachment":[{"href":"https:\/\/creuzaweb.uncoma.edu.ar\/index.php\/wp-json\/wp\/v2\/media?parent=4625"}],"curies":[{"name":"wp","href":"https:\/\/api.w.org\/{rel}","templated":true}]}}